{"id":4150,"date":"2025-12-29T17:54:19","date_gmt":"2025-12-29T16:54:19","guid":{"rendered":"https:\/\/medecinelegale.com\/index.php\/password-reset\/"},"modified":"2025-12-29T17:54:19","modified_gmt":"2025-12-29T16:54:19","slug":"password-reset","status":"publish","type":"page","link":"https:\/\/medecinelegale.com\/index.php\/password-reset\/","title":{"rendered":"R\u00e9initialisation du mot de passe"},"content":{"rendered":"<div class=\"um um-password um-um_password_id\">\n\t<div class=\"um-form\">\n\t\t<form method=\"post\" action=\"\">\n\t\t\t\n\t\t\t\t<input type=\"hidden\" name=\"_um_password_reset\" id=\"_um_password_reset\" value=\"1\" \/>\n\n\t\t\t\t\t\t\t\t\t<div class=\"um-field um-field-block um-field-type_block\">\n\t\t\t\t\t\t<div class=\"um-field-block\">\n\t\t\t\t\t\t\t<div style=\"text-align:center;\">\n\t\t\t\t\t\t\t\tPour r\u00e9initialiser votre mot de passe, veuillez saisir votre adresse de messagerie ou votre identifiant ci-dessous.\t\t\t\t\t\t\t<\/div>\n\t\t\t\t\t\t<\/div>\n\t\t\t\t\t<\/div>\n\t\t\t\t\t<div  id=\"um_field_0_username_b\" class=\"um-field um-field-text  um-field-username_b um-field-text um-field-type_text\" data-key=\"username_b\"><div class=\"um-field-area\"><input  autocomplete=\"off\" class=\"um-form-field valid \" type=\"text\" name=\"username_b\" id=\"username_b\" value=\"\" placeholder=\"Saisissez votre identifiant ou votre e-mail\" data-validate=\"\" data-key=\"username_b\"  aria-invalid=\"false\" \/>\n\n\t\t\t\t\t\t<\/div><\/div>\t\t\t\t<div class=\"um-col-alt um-col-alt-b\">\n\t\t\t\t\t<div class=\"um-center\">\n\t\t\t\t\t\t<input type=\"submit\" value=\"R\u00e9initialiser le mot de passe\" class=\"um-button\" id=\"um-submit-btn\" \/>\n\t\t\t\t\t<\/div>\n\t\t\t\t\t<div class=\"um-clear\"><\/div>\n\t\t\t\t<\/div>\n\t\t\t\t\t<input type=\"hidden\" name=\"form_id\" id=\"form_id_um_password_id\" value=\"um_password_id\" \/>\n\t\t<p class=\"um_request_name\">\n\t\t<label for=\"um_request_um_password_id\">Only fill in if you are not human<\/label>\n\t\t<input type=\"hidden\" name=\"um_request\" id=\"um_request_um_password_id\" class=\"input\" value=\"\" size=\"25\" autocomplete=\"off\" \/>\n\t<\/p>\n\t\t\t<\/form>\n\t<\/div>\n<\/div>\n<style>\n\t\t\t.um-um_password_id.um {\n\t\t\tmax-width: 450px;\n\t\t}\n\t\t<\/style>\n\n","protected":false},"excerpt":{"rendered":"","protected":false},"author":185,"featured_media":0,"parent":0,"menu_order":0,"comment_status":"closed","ping_status":"closed","template":"","meta":{"footnotes":""},"class_list":["post-4150","page","type-page","status-publish","hentry"],"yoast_head":"<!-- This site is optimized with the Yoast SEO plugin v27.3 - https:\/\/yoast.com\/product\/yoast-seo-wordpress\/ -->\n<title>R\u00e9initialisation du mot de passe &#8211; Soci\u00e9t\u00e9 fran\u00e7aise de m\u00e9decine l\u00e9gale et d&#039;expertises m\u00e9dicales<\/title>\n<meta name=\"description\" content=\"La Soci\u00e9t\u00e9 fran\u00e7aise de m\u00e9decine l\u00e9gale et d&#039;expertises m\u00e9dicales a pour r\u00f4le de f\u00e9d\u00e9rer l\u2019ensemble des professionnels de la m\u00e9decine l\u00e9gale dont les attributions ont fortement \u00e9volu\u00e9 en l\u2019espace de quelques ann\u00e9es.\" \/>\n<meta name=\"robots\" content=\"index, follow, max-snippet:-1, max-image-preview:large, max-video-preview:-1\" \/>\n<link rel=\"canonical\" href=\"http:\/\/medecinelegale.com\/index.php\/password-reset\/\" \/>\n<meta property=\"og:locale\" content=\"fr_FR\" \/>\n<meta property=\"og:type\" content=\"article\" \/>\n<meta property=\"og:title\" content=\"R\u00e9initialisation du mot de passe &#8211; Soci\u00e9t\u00e9 fran\u00e7aise de m\u00e9decine l\u00e9gale et d&#039;expertises m\u00e9dicales\" \/>\n<meta property=\"og:description\" content=\"La Soci\u00e9t\u00e9 fran\u00e7aise de m\u00e9decine l\u00e9gale et d&#039;expertises m\u00e9dicales a pour r\u00f4le de f\u00e9d\u00e9rer l\u2019ensemble des professionnels de la m\u00e9decine l\u00e9gale dont les attributions ont fortement \u00e9volu\u00e9 en l\u2019espace de quelques ann\u00e9es.\" \/>\n<meta property=\"og:url\" content=\"http:\/\/medecinelegale.com\/index.php\/password-reset\/\" \/>\n<meta property=\"og:site_name\" content=\"Soci\u00e9t\u00e9 fran\u00e7aise de m\u00e9decine l\u00e9gale et d&#039;expertises m\u00e9dicales\" \/>\n<meta property=\"og:image\" content=\"https:\/\/medecinelegale.com\/wp-content\/uploads\/2021\/09\/Me\u0301decin-et-marteau-_1047750205-scaled.jpg\" \/>\n\t<meta property=\"og:image:width\" content=\"2560\" \/>\n\t<meta property=\"og:image:height\" content=\"1471\" \/>\n\t<meta property=\"og:image:type\" content=\"image\/jpeg\" \/>\n<meta name=\"twitter:card\" content=\"summary_large_image\" \/>\n<meta name=\"twitter:site\" content=\"@sfmlem\" \/>\n<script type=\"application\/ld+json\" class=\"yoast-schema-graph\">{\"@context\":\"https:\\\/\\\/schema.org\",\"@graph\":[{\"@type\":\"WebPage\",\"@id\":\"http:\\\/\\\/medecinelegale.com\\\/index.php\\\/password-reset\\\/\",\"url\":\"http:\\\/\\\/medecinelegale.com\\\/index.php\\\/password-reset\\\/\",\"name\":\"R\u00e9initialisation du mot de passe &#8211; Soci\u00e9t\u00e9 fran\u00e7aise de m\u00e9decine l\u00e9gale et d&#039;expertises m\u00e9dicales\",\"isPartOf\":{\"@id\":\"https:\\\/\\\/medecinelegale.com\\\/#website\"},\"datePublished\":\"2025-12-29T16:54:19+00:00\",\"description\":\"La Soci\u00e9t\u00e9 fran\u00e7aise de m\u00e9decine l\u00e9gale et d'expertises m\u00e9dicales a pour r\u00f4le de f\u00e9d\u00e9rer l\u2019ensemble des professionnels de la m\u00e9decine l\u00e9gale dont les attributions ont fortement \u00e9volu\u00e9 en l\u2019espace de quelques ann\u00e9es.\",\"breadcrumb\":{\"@id\":\"http:\\\/\\\/medecinelegale.com\\\/index.php\\\/password-reset\\\/#breadcrumb\"},\"inLanguage\":\"fr-FR\",\"potentialAction\":[{\"@type\":\"ReadAction\",\"target\":[\"http:\\\/\\\/medecinelegale.com\\\/index.php\\\/password-reset\\\/\"]}]},{\"@type\":\"BreadcrumbList\",\"@id\":\"http:\\\/\\\/medecinelegale.com\\\/index.php\\\/password-reset\\\/#breadcrumb\",\"itemListElement\":[{\"@type\":\"ListItem\",\"position\":1,\"name\":\"Accueil\",\"item\":\"https:\\\/\\\/medecinelegale.com\\\/\"},{\"@type\":\"ListItem\",\"position\":2,\"name\":\"R\u00e9initialisation du mot de passe\"}]},{\"@type\":\"WebSite\",\"@id\":\"https:\\\/\\\/medecinelegale.com\\\/#website\",\"url\":\"https:\\\/\\\/medecinelegale.com\\\/\",\"name\":\"Soci\u00e9t\u00e9 fran\u00e7aise de m\u00e9decine l\u00e9gale et d&#039;expertises m\u00e9dicales\",\"description\":\"F\u00e9d\u00e9rer l\u2019ensemble des professionnels de la m\u00e9decine l\u00e9gale\",\"publisher\":{\"@id\":\"https:\\\/\\\/medecinelegale.com\\\/#organization\"},\"potentialAction\":[{\"@type\":\"SearchAction\",\"target\":{\"@type\":\"EntryPoint\",\"urlTemplate\":\"https:\\\/\\\/medecinelegale.com\\\/?s={search_term_string}\"},\"query-input\":{\"@type\":\"PropertyValueSpecification\",\"valueRequired\":true,\"valueName\":\"search_term_string\"}}],\"inLanguage\":\"fr-FR\"},{\"@type\":\"Organization\",\"@id\":\"https:\\\/\\\/medecinelegale.com\\\/#organization\",\"name\":\"Soci\u00e9t\u00e9 Fran\u00e7aise de M\u00e9decine L\u00e9gale et d\u2019expertises m\u00e9dicales\",\"url\":\"https:\\\/\\\/medecinelegale.com\\\/\",\"logo\":{\"@type\":\"ImageObject\",\"inLanguage\":\"fr-FR\",\"@id\":\"https:\\\/\\\/medecinelegale.com\\\/#\\\/schema\\\/logo\\\/image\\\/\",\"url\":\"https:\\\/\\\/medecinelegale.com\\\/wp-content\\\/uploads\\\/2021\\\/09\\\/logo_SFML_s.png\",\"contentUrl\":\"https:\\\/\\\/medecinelegale.com\\\/wp-content\\\/uploads\\\/2021\\\/09\\\/logo_SFML_s.png\",\"width\":400,\"height\":165,\"caption\":\"Soci\u00e9t\u00e9 Fran\u00e7aise de M\u00e9decine L\u00e9gale et d\u2019expertises m\u00e9dicales\"},\"image\":{\"@id\":\"https:\\\/\\\/medecinelegale.com\\\/#\\\/schema\\\/logo\\\/image\\\/\"},\"sameAs\":[\"https:\\\/\\\/x.com\\\/sfmlem\",\"https:\\\/\\\/www.linkedin.com\\\/company\\\/soci\u00e9t\u00e9-fran\u00e7aise-de-m\u00e9decine-l\u00e9gale-et-d-expertises-m\u00e9dicales\\\/\"]}]}<\/script>\n<!-- \/ Yoast SEO plugin. -->","yoast_head_json":{"title":"R\u00e9initialisation du mot de passe &#8211; Soci\u00e9t\u00e9 fran\u00e7aise de m\u00e9decine l\u00e9gale et d&#039;expertises m\u00e9dicales","description":"La Soci\u00e9t\u00e9 fran\u00e7aise de m\u00e9decine l\u00e9gale et d'expertises m\u00e9dicales a pour r\u00f4le de f\u00e9d\u00e9rer l\u2019ensemble des professionnels de la m\u00e9decine l\u00e9gale dont les attributions ont fortement \u00e9volu\u00e9 en l\u2019espace de quelques ann\u00e9es.","robots":{"index":"index","follow":"follow","max-snippet":"max-snippet:-1","max-image-preview":"max-image-preview:large","max-video-preview":"max-video-preview:-1"},"canonical":"http:\/\/medecinelegale.com\/index.php\/password-reset\/","og_locale":"fr_FR","og_type":"article","og_title":"R\u00e9initialisation du mot de passe &#8211; Soci\u00e9t\u00e9 fran\u00e7aise de m\u00e9decine l\u00e9gale et d&#039;expertises m\u00e9dicales","og_description":"La Soci\u00e9t\u00e9 fran\u00e7aise de m\u00e9decine l\u00e9gale et d'expertises m\u00e9dicales a pour r\u00f4le de f\u00e9d\u00e9rer l\u2019ensemble des professionnels de la m\u00e9decine l\u00e9gale dont les attributions ont fortement \u00e9volu\u00e9 en l\u2019espace de quelques ann\u00e9es.","og_url":"http:\/\/medecinelegale.com\/index.php\/password-reset\/","og_site_name":"Soci\u00e9t\u00e9 fran\u00e7aise de m\u00e9decine l\u00e9gale et d&#039;expertises m\u00e9dicales","og_image":[{"width":2560,"height":1471,"url":"https:\/\/medecinelegale.com\/wp-content\/uploads\/2021\/09\/Me\u0301decin-et-marteau-_1047750205-scaled.jpg","type":"image\/jpeg"}],"twitter_card":"summary_large_image","twitter_site":"@sfmlem","schema":{"@context":"https:\/\/schema.org","@graph":[{"@type":"WebPage","@id":"http:\/\/medecinelegale.com\/index.php\/password-reset\/","url":"http:\/\/medecinelegale.com\/index.php\/password-reset\/","name":"R\u00e9initialisation du mot de passe &#8211; Soci\u00e9t\u00e9 fran\u00e7aise de m\u00e9decine l\u00e9gale et d&#039;expertises m\u00e9dicales","isPartOf":{"@id":"https:\/\/medecinelegale.com\/#website"},"datePublished":"2025-12-29T16:54:19+00:00","description":"La Soci\u00e9t\u00e9 fran\u00e7aise de m\u00e9decine l\u00e9gale et d'expertises m\u00e9dicales a pour r\u00f4le de f\u00e9d\u00e9rer l\u2019ensemble des professionnels de la m\u00e9decine l\u00e9gale dont les attributions ont fortement \u00e9volu\u00e9 en l\u2019espace de quelques ann\u00e9es.","breadcrumb":{"@id":"http:\/\/medecinelegale.com\/index.php\/password-reset\/#breadcrumb"},"inLanguage":"fr-FR","potentialAction":[{"@type":"ReadAction","target":["http:\/\/medecinelegale.com\/index.php\/password-reset\/"]}]},{"@type":"BreadcrumbList","@id":"http:\/\/medecinelegale.com\/index.php\/password-reset\/#breadcrumb","itemListElement":[{"@type":"ListItem","position":1,"name":"Accueil","item":"https:\/\/medecinelegale.com\/"},{"@type":"ListItem","position":2,"name":"R\u00e9initialisation du mot de passe"}]},{"@type":"WebSite","@id":"https:\/\/medecinelegale.com\/#website","url":"https:\/\/medecinelegale.com\/","name":"Soci\u00e9t\u00e9 fran\u00e7aise de m\u00e9decine l\u00e9gale et d&#039;expertises m\u00e9dicales","description":"F\u00e9d\u00e9rer l\u2019ensemble des professionnels de la m\u00e9decine l\u00e9gale","publisher":{"@id":"https:\/\/medecinelegale.com\/#organization"},"potentialAction":[{"@type":"SearchAction","target":{"@type":"EntryPoint","urlTemplate":"https:\/\/medecinelegale.com\/?s={search_term_string}"},"query-input":{"@type":"PropertyValueSpecification","valueRequired":true,"valueName":"search_term_string"}}],"inLanguage":"fr-FR"},{"@type":"Organization","@id":"https:\/\/medecinelegale.com\/#organization","name":"Soci\u00e9t\u00e9 Fran\u00e7aise de M\u00e9decine L\u00e9gale et d\u2019expertises m\u00e9dicales","url":"https:\/\/medecinelegale.com\/","logo":{"@type":"ImageObject","inLanguage":"fr-FR","@id":"https:\/\/medecinelegale.com\/#\/schema\/logo\/image\/","url":"https:\/\/medecinelegale.com\/wp-content\/uploads\/2021\/09\/logo_SFML_s.png","contentUrl":"https:\/\/medecinelegale.com\/wp-content\/uploads\/2021\/09\/logo_SFML_s.png","width":400,"height":165,"caption":"Soci\u00e9t\u00e9 Fran\u00e7aise de M\u00e9decine L\u00e9gale et d\u2019expertises m\u00e9dicales"},"image":{"@id":"https:\/\/medecinelegale.com\/#\/schema\/logo\/image\/"},"sameAs":["https:\/\/x.com\/sfmlem","https:\/\/www.linkedin.com\/company\/soci\u00e9t\u00e9-fran\u00e7aise-de-m\u00e9decine-l\u00e9gale-et-d-expertises-m\u00e9dicales\/"]}]}},"_links":{"self":[{"href":"https:\/\/medecinelegale.com\/index.php\/wp-json\/wp\/v2\/pages\/4150","targetHints":{"allow":["GET"]}}],"collection":[{"href":"https:\/\/medecinelegale.com\/index.php\/wp-json\/wp\/v2\/pages"}],"about":[{"href":"https:\/\/medecinelegale.com\/index.php\/wp-json\/wp\/v2\/types\/page"}],"author":[{"embeddable":true,"href":"https:\/\/medecinelegale.com\/index.php\/wp-json\/wp\/v2\/users\/185"}],"replies":[{"embeddable":true,"href":"https:\/\/medecinelegale.com\/index.php\/wp-json\/wp\/v2\/comments?post=4150"}],"version-history":[{"count":0,"href":"https:\/\/medecinelegale.com\/index.php\/wp-json\/wp\/v2\/pages\/4150\/revisions"}],"wp:attachment":[{"href":"https:\/\/medecinelegale.com\/index.php\/wp-json\/wp\/v2\/media?parent=4150"}],"curies":[{"name":"wp","href":"https:\/\/api.w.org\/{rel}","templated":true}]}}