{"id":4142,"date":"2025-12-29T17:54:19","date_gmt":"2025-12-29T16:54:19","guid":{"rendered":"https:\/\/medecinelegale.com\/index.php\/register\/"},"modified":"2025-12-29T17:54:19","modified_gmt":"2025-12-29T16:54:19","slug":"register","status":"publish","type":"page","link":"https:\/\/medecinelegale.com\/index.php\/register\/","title":{"rendered":"S\u2019inscrire"},"content":{"rendered":"\n<div class=\"um um-register um-2378\">\n\t<div class=\"um-form\" data-mode=\"register\">\n\t\t<form method=\"post\" action=\"\">\n\t\t\t<div class=\"um-row _um_row_1 \" style=\"margin: 0 0 30px 0;\"><div class=\"um-col-1\"><div  id=\"um_field_2378_user_login\" class=\"um-field um-field-text  um-field-user_login um-field-text um-field-type_text\" data-key=\"user_login\"><div class=\"um-field-label\"><label for=\"user_login-2378\">Identifiant<\/label><div class=\"um-clear\"><\/div><\/div><div class=\"um-field-area\"><input  autocomplete=\"off\" class=\"um-form-field valid \" type=\"text\" name=\"user_login-2378\" id=\"user_login-2378\" value=\"\" placeholder=\"\" data-validate=\"unique_username\" data-key=\"user_login\"  aria-invalid=\"false\" \/>\n\n\t\t\t\t\t\t<\/div><\/div><div  id=\"um_field_2378_first_name\" class=\"um-field um-field-text  um-field-first_name um-field-text um-field-type_text\" data-key=\"first_name\"><div class=\"um-field-label\"><label for=\"first_name-2378\">Pr\u00e9nom<\/label><div class=\"um-clear\"><\/div><\/div><div class=\"um-field-area\"><input  autocomplete=\"off\" class=\"um-form-field valid \" type=\"text\" name=\"first_name-2378\" id=\"first_name-2378\" value=\"\" placeholder=\"\" data-validate=\"\" data-key=\"first_name\"  aria-invalid=\"false\" \/>\n\n\t\t\t\t\t\t<\/div><\/div><div  id=\"um_field_2378_last_name\" class=\"um-field um-field-text  um-field-last_name um-field-text um-field-type_text\" data-key=\"last_name\"><div class=\"um-field-label\"><label for=\"last_name-2378\">Nom<\/label><div class=\"um-clear\"><\/div><\/div><div class=\"um-field-area\"><input  autocomplete=\"off\" class=\"um-form-field valid \" type=\"text\" name=\"last_name-2378\" id=\"last_name-2378\" value=\"\" placeholder=\"\" data-validate=\"\" data-key=\"last_name\"  aria-invalid=\"false\" \/>\n\n\t\t\t\t\t\t<\/div><\/div><div  id=\"um_field_2378_user_email\" class=\"um-field um-field-text  um-field-user_email um-field-text um-field-type_text\" data-key=\"user_email\"><div class=\"um-field-label\"><label for=\"user_email-2378\">Adresse e-mail<\/label><div class=\"um-clear\"><\/div><\/div><div class=\"um-field-area\"><input  autocomplete=\"off\" class=\"um-form-field valid \" type=\"text\" name=\"user_email-2378\" id=\"user_email-2378\" value=\"\" placeholder=\"\" data-validate=\"unique_email\" data-key=\"user_email\"  aria-invalid=\"false\" \/>\n\n\t\t\t\t\t\t<\/div><\/div><div  id=\"um_field_2378_user_password\" class=\"um-field um-field-password  um-field-user_password um-field-password um-field-type_password\" data-key=\"user_password\"><div class=\"um-field-label\"><label for=\"user_password-2378\">Mot de passe<\/label><div class=\"um-clear\"><\/div><\/div><div class=\"um-field-area\"><input class=\"um-form-field valid \" type=\"password\" name=\"user_password-2378\" id=\"user_password-2378\" value=\"\" placeholder=\"\" data-validate=\"\" data-key=\"user_password\"  aria-invalid=\"false\" \/>\n\n\t\t\t\t\t\t\t<\/div><\/div><div  id=\"um_field_2378_confirm_user_password\" class=\"um-field um-field-password  um-field-user_password um-field-password um-field-type_password\" data-key=\"confirm_user_password\"><div class=\"um-field-label\"><label for=\"confirm_user_password-2378\">Confirmer le Mot de passe<\/label><div class=\"um-clear\"><\/div><\/div><div class=\"um-field-area\"><input class=\"um-form-field valid \" type=\"password\" name=\"confirm_user_password-2378\" id=\"confirm_user_password-2378\" value=\"\" placeholder=\"Confirmer le Mot de passe\" data-validate=\"\" data-key=\"confirm_user_password\"  aria-invalid=\"false\" \/><\/div><\/div><\/div><\/div>\t<input type=\"hidden\" name=\"form_id\" id=\"form_id_2378\" value=\"2378\" \/>\n\t\t<p class=\"um_request_name\">\n\t\t<label for=\"um_request_2378\">Only fill in if you are not human<\/label>\n\t\t<input type=\"hidden\" name=\"um_request\" id=\"um_request_2378\" class=\"input\" value=\"\" size=\"25\" autocomplete=\"off\" \/>\n\t<\/p>\n\t<input type=\"hidden\" id=\"_wpnonce\" name=\"_wpnonce\" value=\"9d429c7cb9\" \/><input type=\"hidden\" name=\"_wp_http_referer\" value=\"\/index.php\/wp-json\/wp\/v2\/pages\/4142\" \/>\n\t<div class=\"um-col-alt\">\n\n\t\t\n\t\t\t<div class=\"um-center\">\n\t\t\t\t<input type=\"submit\" value=\"S\u2019inscrire\" class=\"um-button\" id=\"um-submit-btn\" \/>\n\t\t\t<\/div>\n\n\t\t\n\t\t<div class=\"um-clear\"><\/div>\n\n\t<\/div>\n\n\t\t\t<\/form>\n\t<\/div>\n<\/div>\n<style>\n\t\t\t.um-2378.um {\n\t\t\tmax-width: 450px;\n\t\t}\n\t\t<\/style>\n\n","protected":false},"excerpt":{"rendered":"","protected":false},"author":185,"featured_media":0,"parent":0,"menu_order":0,"comment_status":"closed","ping_status":"closed","template":"","meta":{"footnotes":""},"class_list":["post-4142","page","type-page","status-publish","hentry"],"yoast_head":"<!-- This site is optimized with the Yoast SEO plugin v27.4 - https:\/\/yoast.com\/product\/yoast-seo-wordpress\/ -->\n<title>S\u2019inscrire &#8211; Soci\u00e9t\u00e9 fran\u00e7aise de m\u00e9decine l\u00e9gale et d&#039;expertises m\u00e9dicales<\/title>\n<meta name=\"description\" content=\"La Soci\u00e9t\u00e9 fran\u00e7aise de m\u00e9decine l\u00e9gale et d&#039;expertises m\u00e9dicales a pour r\u00f4le de f\u00e9d\u00e9rer l\u2019ensemble des professionnels de la m\u00e9decine l\u00e9gale dont les attributions ont fortement \u00e9volu\u00e9 en l\u2019espace de quelques ann\u00e9es.\" \/>\n<meta name=\"robots\" content=\"index, follow, max-snippet:-1, max-image-preview:large, max-video-preview:-1\" \/>\n<link rel=\"canonical\" href=\"http:\/\/medecinelegale.com\/index.php\/register\/\" \/>\n<meta property=\"og:locale\" content=\"fr_FR\" \/>\n<meta property=\"og:type\" content=\"article\" \/>\n<meta property=\"og:title\" content=\"S\u2019inscrire &#8211; Soci\u00e9t\u00e9 fran\u00e7aise de m\u00e9decine l\u00e9gale et d&#039;expertises m\u00e9dicales\" \/>\n<meta property=\"og:description\" content=\"La Soci\u00e9t\u00e9 fran\u00e7aise de m\u00e9decine l\u00e9gale et d&#039;expertises m\u00e9dicales a pour r\u00f4le de f\u00e9d\u00e9rer l\u2019ensemble des professionnels de la m\u00e9decine l\u00e9gale dont les attributions ont fortement \u00e9volu\u00e9 en l\u2019espace de quelques ann\u00e9es.\" \/>\n<meta property=\"og:url\" content=\"http:\/\/medecinelegale.com\/index.php\/register\/\" \/>\n<meta property=\"og:site_name\" content=\"Soci\u00e9t\u00e9 fran\u00e7aise de m\u00e9decine l\u00e9gale et d&#039;expertises m\u00e9dicales\" \/>\n<meta property=\"og:image\" content=\"https:\/\/medecinelegale.com\/wp-content\/uploads\/2021\/09\/Me\u0301decin-et-marteau-_1047750205-scaled.jpg\" \/>\n\t<meta property=\"og:image:width\" content=\"2560\" \/>\n\t<meta property=\"og:image:height\" content=\"1471\" \/>\n\t<meta property=\"og:image:type\" content=\"image\/jpeg\" \/>\n<meta name=\"twitter:card\" content=\"summary_large_image\" \/>\n<meta name=\"twitter:site\" content=\"@sfmlem\" \/>\n<script type=\"application\/ld+json\" class=\"yoast-schema-graph\">{\"@context\":\"https:\\\/\\\/schema.org\",\"@graph\":[{\"@type\":\"WebPage\",\"@id\":\"http:\\\/\\\/medecinelegale.com\\\/index.php\\\/register\\\/\",\"url\":\"http:\\\/\\\/medecinelegale.com\\\/index.php\\\/register\\\/\",\"name\":\"S\u2019inscrire &#8211; Soci\u00e9t\u00e9 fran\u00e7aise de m\u00e9decine l\u00e9gale et d&#039;expertises m\u00e9dicales\",\"isPartOf\":{\"@id\":\"https:\\\/\\\/medecinelegale.com\\\/#website\"},\"datePublished\":\"2025-12-29T16:54:19+00:00\",\"description\":\"La Soci\u00e9t\u00e9 fran\u00e7aise de m\u00e9decine l\u00e9gale et d'expertises m\u00e9dicales a pour r\u00f4le de f\u00e9d\u00e9rer l\u2019ensemble des professionnels de la m\u00e9decine l\u00e9gale dont les attributions ont fortement \u00e9volu\u00e9 en l\u2019espace de quelques ann\u00e9es.\",\"breadcrumb\":{\"@id\":\"http:\\\/\\\/medecinelegale.com\\\/index.php\\\/register\\\/#breadcrumb\"},\"inLanguage\":\"fr-FR\",\"potentialAction\":[{\"@type\":\"ReadAction\",\"target\":[\"http:\\\/\\\/medecinelegale.com\\\/index.php\\\/register\\\/\"]}]},{\"@type\":\"BreadcrumbList\",\"@id\":\"http:\\\/\\\/medecinelegale.com\\\/index.php\\\/register\\\/#breadcrumb\",\"itemListElement\":[{\"@type\":\"ListItem\",\"position\":1,\"name\":\"Accueil\",\"item\":\"https:\\\/\\\/medecinelegale.com\\\/\"},{\"@type\":\"ListItem\",\"position\":2,\"name\":\"S\u2019inscrire\"}]},{\"@type\":\"WebSite\",\"@id\":\"https:\\\/\\\/medecinelegale.com\\\/#website\",\"url\":\"https:\\\/\\\/medecinelegale.com\\\/\",\"name\":\"Soci\u00e9t\u00e9 fran\u00e7aise de m\u00e9decine l\u00e9gale et d&#039;expertises m\u00e9dicales\",\"description\":\"F\u00e9d\u00e9rer l\u2019ensemble des professionnels de la m\u00e9decine l\u00e9gale\",\"publisher\":{\"@id\":\"https:\\\/\\\/medecinelegale.com\\\/#organization\"},\"potentialAction\":[{\"@type\":\"SearchAction\",\"target\":{\"@type\":\"EntryPoint\",\"urlTemplate\":\"https:\\\/\\\/medecinelegale.com\\\/?s={search_term_string}\"},\"query-input\":{\"@type\":\"PropertyValueSpecification\",\"valueRequired\":true,\"valueName\":\"search_term_string\"}}],\"inLanguage\":\"fr-FR\"},{\"@type\":\"Organization\",\"@id\":\"https:\\\/\\\/medecinelegale.com\\\/#organization\",\"name\":\"Soci\u00e9t\u00e9 Fran\u00e7aise de M\u00e9decine L\u00e9gale et d\u2019expertises m\u00e9dicales\",\"url\":\"https:\\\/\\\/medecinelegale.com\\\/\",\"logo\":{\"@type\":\"ImageObject\",\"inLanguage\":\"fr-FR\",\"@id\":\"https:\\\/\\\/medecinelegale.com\\\/#\\\/schema\\\/logo\\\/image\\\/\",\"url\":\"https:\\\/\\\/medecinelegale.com\\\/wp-content\\\/uploads\\\/2021\\\/09\\\/logo_SFML_s.png\",\"contentUrl\":\"https:\\\/\\\/medecinelegale.com\\\/wp-content\\\/uploads\\\/2021\\\/09\\\/logo_SFML_s.png\",\"width\":400,\"height\":165,\"caption\":\"Soci\u00e9t\u00e9 Fran\u00e7aise de M\u00e9decine L\u00e9gale et d\u2019expertises m\u00e9dicales\"},\"image\":{\"@id\":\"https:\\\/\\\/medecinelegale.com\\\/#\\\/schema\\\/logo\\\/image\\\/\"},\"sameAs\":[\"https:\\\/\\\/x.com\\\/sfmlem\",\"https:\\\/\\\/www.linkedin.com\\\/company\\\/soci\u00e9t\u00e9-fran\u00e7aise-de-m\u00e9decine-l\u00e9gale-et-d-expertises-m\u00e9dicales\\\/\"]}]}<\/script>\n<!-- \/ Yoast SEO plugin. -->","yoast_head_json":{"title":"S\u2019inscrire &#8211; Soci\u00e9t\u00e9 fran\u00e7aise de m\u00e9decine l\u00e9gale et d&#039;expertises m\u00e9dicales","description":"La Soci\u00e9t\u00e9 fran\u00e7aise de m\u00e9decine l\u00e9gale et d'expertises m\u00e9dicales a pour r\u00f4le de f\u00e9d\u00e9rer l\u2019ensemble des professionnels de la m\u00e9decine l\u00e9gale dont les attributions ont fortement \u00e9volu\u00e9 en l\u2019espace de quelques ann\u00e9es.","robots":{"index":"index","follow":"follow","max-snippet":"max-snippet:-1","max-image-preview":"max-image-preview:large","max-video-preview":"max-video-preview:-1"},"canonical":"http:\/\/medecinelegale.com\/index.php\/register\/","og_locale":"fr_FR","og_type":"article","og_title":"S\u2019inscrire &#8211; Soci\u00e9t\u00e9 fran\u00e7aise de m\u00e9decine l\u00e9gale et d&#039;expertises m\u00e9dicales","og_description":"La Soci\u00e9t\u00e9 fran\u00e7aise de m\u00e9decine l\u00e9gale et d'expertises m\u00e9dicales a pour r\u00f4le de f\u00e9d\u00e9rer l\u2019ensemble des professionnels de la m\u00e9decine l\u00e9gale dont les attributions ont fortement \u00e9volu\u00e9 en l\u2019espace de quelques ann\u00e9es.","og_url":"http:\/\/medecinelegale.com\/index.php\/register\/","og_site_name":"Soci\u00e9t\u00e9 fran\u00e7aise de m\u00e9decine l\u00e9gale et d&#039;expertises m\u00e9dicales","og_image":[{"width":2560,"height":1471,"url":"https:\/\/medecinelegale.com\/wp-content\/uploads\/2021\/09\/Me\u0301decin-et-marteau-_1047750205-scaled.jpg","type":"image\/jpeg"}],"twitter_card":"summary_large_image","twitter_site":"@sfmlem","schema":{"@context":"https:\/\/schema.org","@graph":[{"@type":"WebPage","@id":"http:\/\/medecinelegale.com\/index.php\/register\/","url":"http:\/\/medecinelegale.com\/index.php\/register\/","name":"S\u2019inscrire &#8211; Soci\u00e9t\u00e9 fran\u00e7aise de m\u00e9decine l\u00e9gale et d&#039;expertises m\u00e9dicales","isPartOf":{"@id":"https:\/\/medecinelegale.com\/#website"},"datePublished":"2025-12-29T16:54:19+00:00","description":"La Soci\u00e9t\u00e9 fran\u00e7aise de m\u00e9decine l\u00e9gale et d'expertises m\u00e9dicales a pour r\u00f4le de f\u00e9d\u00e9rer l\u2019ensemble des professionnels de la m\u00e9decine l\u00e9gale dont les attributions ont fortement \u00e9volu\u00e9 en l\u2019espace de quelques ann\u00e9es.","breadcrumb":{"@id":"http:\/\/medecinelegale.com\/index.php\/register\/#breadcrumb"},"inLanguage":"fr-FR","potentialAction":[{"@type":"ReadAction","target":["http:\/\/medecinelegale.com\/index.php\/register\/"]}]},{"@type":"BreadcrumbList","@id":"http:\/\/medecinelegale.com\/index.php\/register\/#breadcrumb","itemListElement":[{"@type":"ListItem","position":1,"name":"Accueil","item":"https:\/\/medecinelegale.com\/"},{"@type":"ListItem","position":2,"name":"S\u2019inscrire"}]},{"@type":"WebSite","@id":"https:\/\/medecinelegale.com\/#website","url":"https:\/\/medecinelegale.com\/","name":"Soci\u00e9t\u00e9 fran\u00e7aise de m\u00e9decine l\u00e9gale et d&#039;expertises m\u00e9dicales","description":"F\u00e9d\u00e9rer l\u2019ensemble des professionnels de la m\u00e9decine l\u00e9gale","publisher":{"@id":"https:\/\/medecinelegale.com\/#organization"},"potentialAction":[{"@type":"SearchAction","target":{"@type":"EntryPoint","urlTemplate":"https:\/\/medecinelegale.com\/?s={search_term_string}"},"query-input":{"@type":"PropertyValueSpecification","valueRequired":true,"valueName":"search_term_string"}}],"inLanguage":"fr-FR"},{"@type":"Organization","@id":"https:\/\/medecinelegale.com\/#organization","name":"Soci\u00e9t\u00e9 Fran\u00e7aise de M\u00e9decine L\u00e9gale et d\u2019expertises m\u00e9dicales","url":"https:\/\/medecinelegale.com\/","logo":{"@type":"ImageObject","inLanguage":"fr-FR","@id":"https:\/\/medecinelegale.com\/#\/schema\/logo\/image\/","url":"https:\/\/medecinelegale.com\/wp-content\/uploads\/2021\/09\/logo_SFML_s.png","contentUrl":"https:\/\/medecinelegale.com\/wp-content\/uploads\/2021\/09\/logo_SFML_s.png","width":400,"height":165,"caption":"Soci\u00e9t\u00e9 Fran\u00e7aise de M\u00e9decine L\u00e9gale et d\u2019expertises m\u00e9dicales"},"image":{"@id":"https:\/\/medecinelegale.com\/#\/schema\/logo\/image\/"},"sameAs":["https:\/\/x.com\/sfmlem","https:\/\/www.linkedin.com\/company\/soci\u00e9t\u00e9-fran\u00e7aise-de-m\u00e9decine-l\u00e9gale-et-d-expertises-m\u00e9dicales\/"]}]}},"_links":{"self":[{"href":"https:\/\/medecinelegale.com\/index.php\/wp-json\/wp\/v2\/pages\/4142","targetHints":{"allow":["GET"]}}],"collection":[{"href":"https:\/\/medecinelegale.com\/index.php\/wp-json\/wp\/v2\/pages"}],"about":[{"href":"https:\/\/medecinelegale.com\/index.php\/wp-json\/wp\/v2\/types\/page"}],"author":[{"embeddable":true,"href":"https:\/\/medecinelegale.com\/index.php\/wp-json\/wp\/v2\/users\/185"}],"replies":[{"embeddable":true,"href":"https:\/\/medecinelegale.com\/index.php\/wp-json\/wp\/v2\/comments?post=4142"}],"version-history":[{"count":0,"href":"https:\/\/medecinelegale.com\/index.php\/wp-json\/wp\/v2\/pages\/4142\/revisions"}],"wp:attachment":[{"href":"https:\/\/medecinelegale.com\/index.php\/wp-json\/wp\/v2\/media?parent=4142"}],"curies":[{"name":"wp","href":"https:\/\/api.w.org\/{rel}","templated":true}]}}