{"id":3395,"date":"2023-01-10T09:35:34","date_gmt":"2023-01-10T08:35:34","guid":{"rendered":"https:\/\/medecinelegale.com\/?page_id=3395"},"modified":"2026-03-30T11:12:47","modified_gmt":"2026-03-30T09:12:47","slug":"lamltcm","status":"publish","type":"page","link":"https:\/\/medecinelegale.com\/index.php\/lamltcm\/","title":{"rendered":"L&#8217;AMLTCM"},"content":{"rendered":"<h2 style=\"text-align: center\"><strong>Contenu restreint<\/strong>\u00a0<\/h2>\r\n<h5 style=\"text-align: center\">Ce contenu est r\u00e9serv\u00e9 aux m\u00e9decins l\u00e9gistes adh\u00e9rents de<br \/>la Soci\u00e9t\u00e9 Fran\u00e7aise de M\u00e9decine L\u00e9gale et d'Expertises M\u00e9dicales.<\/h5>\r\n<p style=\"text-align: center\"><strong>Pour y acc\u00e9der,\u00a0 veuillez vous <a href=\"\/index.php\/login\/\">connecter<\/a>\u00a0 ou vous <a href=\"\/index.php\/register\/\">inscrire<\/a>\u00a0 \u00e0 l'espace professionnel.<\/strong><br \/><br \/><\/p>","protected":false},"excerpt":{"rendered":"","protected":false},"author":185,"featured_media":0,"parent":0,"menu_order":0,"comment_status":"closed","ping_status":"open","template":"","meta":{"footnotes":""},"class_list":["post-3395","page","type-page","status-publish","hentry"],"yoast_head":"<!-- This site is optimized with the Yoast SEO plugin v27.3 - https:\/\/yoast.com\/product\/yoast-seo-wordpress\/ -->\n<title>L&#039;AMLTCM &#8211; Soci\u00e9t\u00e9 fran\u00e7aise de m\u00e9decine l\u00e9gale et d&#039;expertises m\u00e9dicales<\/title>\n<meta name=\"description\" content=\"La Soci\u00e9t\u00e9 fran\u00e7aise de m\u00e9decine l\u00e9gale et d&#039;expertises m\u00e9dicales a pour r\u00f4le de f\u00e9d\u00e9rer l\u2019ensemble des professionnels de la m\u00e9decine l\u00e9gale dont les attributions ont fortement \u00e9volu\u00e9 en l\u2019espace de quelques ann\u00e9es.\" \/>\n<meta name=\"robots\" content=\"index, follow, max-snippet:-1, max-image-preview:large, max-video-preview:-1\" \/>\n<link rel=\"canonical\" href=\"https:\/\/medecinelegale.com\/index.php\/lamltcm\/\" \/>\n<meta property=\"og:locale\" content=\"fr_FR\" \/>\n<meta property=\"og:type\" content=\"article\" \/>\n<meta property=\"og:title\" content=\"L&#039;AMLTCM &#8211; Soci\u00e9t\u00e9 fran\u00e7aise de m\u00e9decine l\u00e9gale et d&#039;expertises m\u00e9dicales\" \/>\n<meta property=\"og:description\" content=\"La Soci\u00e9t\u00e9 fran\u00e7aise de m\u00e9decine l\u00e9gale et d&#039;expertises m\u00e9dicales a pour r\u00f4le de f\u00e9d\u00e9rer l\u2019ensemble des professionnels de la m\u00e9decine l\u00e9gale dont les attributions ont fortement \u00e9volu\u00e9 en l\u2019espace de quelques ann\u00e9es.\" \/>\n<meta property=\"og:url\" content=\"https:\/\/medecinelegale.com\/index.php\/lamltcm\/\" \/>\n<meta property=\"og:site_name\" content=\"Soci\u00e9t\u00e9 fran\u00e7aise de m\u00e9decine l\u00e9gale et d&#039;expertises m\u00e9dicales\" \/>\n<meta property=\"article:modified_time\" content=\"2026-03-30T09:12:47+00:00\" \/>\n<meta property=\"og:image\" content=\"https:\/\/medecinelegale.com\/wp-content\/uploads\/2021\/09\/Me\u0301decin-et-marteau-_1047750205-scaled.jpg\" \/>\n\t<meta property=\"og:image:width\" content=\"2560\" \/>\n\t<meta property=\"og:image:height\" content=\"1471\" \/>\n\t<meta property=\"og:image:type\" content=\"image\/jpeg\" \/>\n<meta name=\"twitter:card\" content=\"summary_large_image\" \/>\n<meta name=\"twitter:site\" content=\"@sfmlem\" \/>\n<script type=\"application\/ld+json\" class=\"yoast-schema-graph\">{\"@context\":\"https:\\\/\\\/schema.org\",\"@graph\":[{\"@type\":\"WebPage\",\"@id\":\"https:\\\/\\\/medecinelegale.com\\\/index.php\\\/lamltcm\\\/\",\"url\":\"https:\\\/\\\/medecinelegale.com\\\/index.php\\\/lamltcm\\\/\",\"name\":\"L'AMLTCM &#8211; Soci\u00e9t\u00e9 fran\u00e7aise de m\u00e9decine l\u00e9gale et d&#039;expertises m\u00e9dicales\",\"isPartOf\":{\"@id\":\"https:\\\/\\\/medecinelegale.com\\\/#website\"},\"datePublished\":\"2023-01-10T08:35:34+00:00\",\"dateModified\":\"2026-03-30T09:12:47+00:00\",\"description\":\"La Soci\u00e9t\u00e9 fran\u00e7aise de m\u00e9decine l\u00e9gale et d'expertises m\u00e9dicales a pour r\u00f4le de f\u00e9d\u00e9rer l\u2019ensemble des professionnels de la m\u00e9decine l\u00e9gale dont les attributions ont fortement \u00e9volu\u00e9 en l\u2019espace de quelques ann\u00e9es.\",\"breadcrumb\":{\"@id\":\"https:\\\/\\\/medecinelegale.com\\\/index.php\\\/lamltcm\\\/#breadcrumb\"},\"inLanguage\":\"fr-FR\",\"potentialAction\":[{\"@type\":\"ReadAction\",\"target\":[\"https:\\\/\\\/medecinelegale.com\\\/index.php\\\/lamltcm\\\/\"]}]},{\"@type\":\"BreadcrumbList\",\"@id\":\"https:\\\/\\\/medecinelegale.com\\\/index.php\\\/lamltcm\\\/#breadcrumb\",\"itemListElement\":[{\"@type\":\"ListItem\",\"position\":1,\"name\":\"Accueil\",\"item\":\"https:\\\/\\\/medecinelegale.com\\\/\"},{\"@type\":\"ListItem\",\"position\":2,\"name\":\"L&#8217;AMLTCM\"}]},{\"@type\":\"WebSite\",\"@id\":\"https:\\\/\\\/medecinelegale.com\\\/#website\",\"url\":\"https:\\\/\\\/medecinelegale.com\\\/\",\"name\":\"Soci\u00e9t\u00e9 fran\u00e7aise de m\u00e9decine l\u00e9gale et d&#039;expertises m\u00e9dicales\",\"description\":\"F\u00e9d\u00e9rer l\u2019ensemble des professionnels de la m\u00e9decine l\u00e9gale\",\"publisher\":{\"@id\":\"https:\\\/\\\/medecinelegale.com\\\/#organization\"},\"potentialAction\":[{\"@type\":\"SearchAction\",\"target\":{\"@type\":\"EntryPoint\",\"urlTemplate\":\"https:\\\/\\\/medecinelegale.com\\\/?s={search_term_string}\"},\"query-input\":{\"@type\":\"PropertyValueSpecification\",\"valueRequired\":true,\"valueName\":\"search_term_string\"}}],\"inLanguage\":\"fr-FR\"},{\"@type\":\"Organization\",\"@id\":\"https:\\\/\\\/medecinelegale.com\\\/#organization\",\"name\":\"Soci\u00e9t\u00e9 Fran\u00e7aise de M\u00e9decine L\u00e9gale et d\u2019expertises m\u00e9dicales\",\"url\":\"https:\\\/\\\/medecinelegale.com\\\/\",\"logo\":{\"@type\":\"ImageObject\",\"inLanguage\":\"fr-FR\",\"@id\":\"https:\\\/\\\/medecinelegale.com\\\/#\\\/schema\\\/logo\\\/image\\\/\",\"url\":\"https:\\\/\\\/medecinelegale.com\\\/wp-content\\\/uploads\\\/2021\\\/09\\\/logo_SFML_s.png\",\"contentUrl\":\"https:\\\/\\\/medecinelegale.com\\\/wp-content\\\/uploads\\\/2021\\\/09\\\/logo_SFML_s.png\",\"width\":400,\"height\":165,\"caption\":\"Soci\u00e9t\u00e9 Fran\u00e7aise de M\u00e9decine L\u00e9gale et d\u2019expertises m\u00e9dicales\"},\"image\":{\"@id\":\"https:\\\/\\\/medecinelegale.com\\\/#\\\/schema\\\/logo\\\/image\\\/\"},\"sameAs\":[\"https:\\\/\\\/x.com\\\/sfmlem\",\"https:\\\/\\\/www.linkedin.com\\\/company\\\/soci\u00e9t\u00e9-fran\u00e7aise-de-m\u00e9decine-l\u00e9gale-et-d-expertises-m\u00e9dicales\\\/\"]}]}<\/script>\n<!-- \/ Yoast SEO plugin. -->","yoast_head_json":{"title":"L'AMLTCM &#8211; Soci\u00e9t\u00e9 fran\u00e7aise de m\u00e9decine l\u00e9gale et d&#039;expertises m\u00e9dicales","description":"La Soci\u00e9t\u00e9 fran\u00e7aise de m\u00e9decine l\u00e9gale et d'expertises m\u00e9dicales a pour r\u00f4le de f\u00e9d\u00e9rer l\u2019ensemble des professionnels de la m\u00e9decine l\u00e9gale dont les attributions ont fortement \u00e9volu\u00e9 en l\u2019espace de quelques ann\u00e9es.","robots":{"index":"index","follow":"follow","max-snippet":"max-snippet:-1","max-image-preview":"max-image-preview:large","max-video-preview":"max-video-preview:-1"},"canonical":"https:\/\/medecinelegale.com\/index.php\/lamltcm\/","og_locale":"fr_FR","og_type":"article","og_title":"L'AMLTCM &#8211; Soci\u00e9t\u00e9 fran\u00e7aise de m\u00e9decine l\u00e9gale et d&#039;expertises m\u00e9dicales","og_description":"La Soci\u00e9t\u00e9 fran\u00e7aise de m\u00e9decine l\u00e9gale et d'expertises m\u00e9dicales a pour r\u00f4le de f\u00e9d\u00e9rer l\u2019ensemble des professionnels de la m\u00e9decine l\u00e9gale dont les attributions ont fortement \u00e9volu\u00e9 en l\u2019espace de quelques ann\u00e9es.","og_url":"https:\/\/medecinelegale.com\/index.php\/lamltcm\/","og_site_name":"Soci\u00e9t\u00e9 fran\u00e7aise de m\u00e9decine l\u00e9gale et d&#039;expertises m\u00e9dicales","article_modified_time":"2026-03-30T09:12:47+00:00","og_image":[{"width":2560,"height":1471,"url":"https:\/\/medecinelegale.com\/wp-content\/uploads\/2021\/09\/Me\u0301decin-et-marteau-_1047750205-scaled.jpg","type":"image\/jpeg"}],"twitter_card":"summary_large_image","twitter_site":"@sfmlem","schema":{"@context":"https:\/\/schema.org","@graph":[{"@type":"WebPage","@id":"https:\/\/medecinelegale.com\/index.php\/lamltcm\/","url":"https:\/\/medecinelegale.com\/index.php\/lamltcm\/","name":"L'AMLTCM &#8211; Soci\u00e9t\u00e9 fran\u00e7aise de m\u00e9decine l\u00e9gale et d&#039;expertises m\u00e9dicales","isPartOf":{"@id":"https:\/\/medecinelegale.com\/#website"},"datePublished":"2023-01-10T08:35:34+00:00","dateModified":"2026-03-30T09:12:47+00:00","description":"La Soci\u00e9t\u00e9 fran\u00e7aise de m\u00e9decine l\u00e9gale et d'expertises m\u00e9dicales a pour r\u00f4le de f\u00e9d\u00e9rer l\u2019ensemble des professionnels de la m\u00e9decine l\u00e9gale dont les attributions ont fortement \u00e9volu\u00e9 en l\u2019espace de quelques ann\u00e9es.","breadcrumb":{"@id":"https:\/\/medecinelegale.com\/index.php\/lamltcm\/#breadcrumb"},"inLanguage":"fr-FR","potentialAction":[{"@type":"ReadAction","target":["https:\/\/medecinelegale.com\/index.php\/lamltcm\/"]}]},{"@type":"BreadcrumbList","@id":"https:\/\/medecinelegale.com\/index.php\/lamltcm\/#breadcrumb","itemListElement":[{"@type":"ListItem","position":1,"name":"Accueil","item":"https:\/\/medecinelegale.com\/"},{"@type":"ListItem","position":2,"name":"L&#8217;AMLTCM"}]},{"@type":"WebSite","@id":"https:\/\/medecinelegale.com\/#website","url":"https:\/\/medecinelegale.com\/","name":"Soci\u00e9t\u00e9 fran\u00e7aise de m\u00e9decine l\u00e9gale et d&#039;expertises m\u00e9dicales","description":"F\u00e9d\u00e9rer l\u2019ensemble des professionnels de la m\u00e9decine l\u00e9gale","publisher":{"@id":"https:\/\/medecinelegale.com\/#organization"},"potentialAction":[{"@type":"SearchAction","target":{"@type":"EntryPoint","urlTemplate":"https:\/\/medecinelegale.com\/?s={search_term_string}"},"query-input":{"@type":"PropertyValueSpecification","valueRequired":true,"valueName":"search_term_string"}}],"inLanguage":"fr-FR"},{"@type":"Organization","@id":"https:\/\/medecinelegale.com\/#organization","name":"Soci\u00e9t\u00e9 Fran\u00e7aise de M\u00e9decine L\u00e9gale et d\u2019expertises m\u00e9dicales","url":"https:\/\/medecinelegale.com\/","logo":{"@type":"ImageObject","inLanguage":"fr-FR","@id":"https:\/\/medecinelegale.com\/#\/schema\/logo\/image\/","url":"https:\/\/medecinelegale.com\/wp-content\/uploads\/2021\/09\/logo_SFML_s.png","contentUrl":"https:\/\/medecinelegale.com\/wp-content\/uploads\/2021\/09\/logo_SFML_s.png","width":400,"height":165,"caption":"Soci\u00e9t\u00e9 Fran\u00e7aise de M\u00e9decine L\u00e9gale et d\u2019expertises m\u00e9dicales"},"image":{"@id":"https:\/\/medecinelegale.com\/#\/schema\/logo\/image\/"},"sameAs":["https:\/\/x.com\/sfmlem","https:\/\/www.linkedin.com\/company\/soci\u00e9t\u00e9-fran\u00e7aise-de-m\u00e9decine-l\u00e9gale-et-d-expertises-m\u00e9dicales\/"]}]}},"_links":{"self":[{"href":"https:\/\/medecinelegale.com\/index.php\/wp-json\/wp\/v2\/pages\/3395","targetHints":{"allow":["GET"]}}],"collection":[{"href":"https:\/\/medecinelegale.com\/index.php\/wp-json\/wp\/v2\/pages"}],"about":[{"href":"https:\/\/medecinelegale.com\/index.php\/wp-json\/wp\/v2\/types\/page"}],"author":[{"embeddable":true,"href":"https:\/\/medecinelegale.com\/index.php\/wp-json\/wp\/v2\/users\/185"}],"replies":[{"embeddable":true,"href":"https:\/\/medecinelegale.com\/index.php\/wp-json\/wp\/v2\/comments?post=3395"}],"version-history":[{"count":1,"href":"https:\/\/medecinelegale.com\/index.php\/wp-json\/wp\/v2\/pages\/3395\/revisions"}],"predecessor-version":[{"id":3396,"href":"https:\/\/medecinelegale.com\/index.php\/wp-json\/wp\/v2\/pages\/3395\/revisions\/3396"}],"wp:attachment":[{"href":"https:\/\/medecinelegale.com\/index.php\/wp-json\/wp\/v2\/media?parent=3395"}],"curies":[{"name":"wp","href":"https:\/\/api.w.org\/{rel}","templated":true}]}}